{"id":36587,"date":"2025-03-19T11:34:14","date_gmt":"2025-03-19T14:34:14","guid":{"rendered":"https:\/\/ligamercedina.com\/web\/?page_id=36587"},"modified":"2026-04-13T00:56:43","modified_gmt":"2026-04-13T03:56:43","slug":"inferiores","status":"publish","type":"page","link":"https:\/\/ligamercedina.com\/web\/posiciones\/inferiores\/","title":{"rendered":"INFERIORES"},"content":{"rendered":"<h3 style=\"text-align: center;\"><span style=\"color: #808000;\"><strong>FECHA 1<\/strong><\/span><\/h3>\n<p><strong><span style=\"color: #ff0000;\">CATEGOR\u00cdA 2016<\/span><\/strong><br \/>\n<strong>Ateneo 5 &#8211; Defensores 0<\/strong><br \/>\n<strong>Uni\u00f3n 0 &#8211; Quilmes 1<\/strong><br \/>\n<strong>Trocha 1 &#8211; Estudiantes 4<\/strong><br \/>\n<strong>Mercedes 3- Villa Manchi 2<\/strong><br \/>\n<strong>El Front\u00f3n 1 &#8211; Palometas 1<\/strong><br \/>\n<strong>Talleres 2 &#8211; Holanda 3<\/strong><br \/>\n<strong>Los Carteros 2 &#8211; Juventud 0<\/strong><\/p>\n<p><span style=\"color: #ff0000;\"><strong>CATEGOR\u00cdA 2015<\/strong><\/span><br \/>\n<strong>Ateneo 1 &#8211; Defensores 1<\/strong><br \/>\n<strong>Uni\u00f3n 6 &#8211; Quilmes 0<\/strong><br \/>\n<strong>Trocha 3 &#8211; Estudiantes 1<\/strong><br \/>\n<strong>Mercedes 0 &#8211; Villa Manchi 0<\/strong><br \/>\n<strong>El Front\u00f3n 0 &#8211; Palometas 5<\/strong><br \/>\n<strong>Los Carteros 2 &#8211; Juventud 0<\/strong><br \/>\n<strong>Talleres 5 &#8211; Holanda 1<\/strong><\/p>\n<p><span style=\"color: #ff0000;\"><strong>CATEGOR\u00cdA 2014<\/strong><\/span><br \/>\n<strong>Ateneo 2 &#8211; Defensores 0<\/strong><br \/>\n<strong>Uni\u00f3n 0 &#8211; Quilmes 0<\/strong><br \/>\n<strong>Trocha 1 &#8211; Estudiantes 3<\/strong><br \/>\n<strong>Mercedes 0 &#8211; Villa Manchi 2<\/strong><br \/>\n<strong>El Front\u00f3n 1 &#8211; Palometas 2<\/strong><br \/>\n<strong>Los Carteros 1 &#8211; Juventud 1<\/strong><\/p>\n<p><span style=\"color: #ff0000;\"><strong>CATEGOR\u00cdA 2013<\/strong><\/span><br \/>\n<strong>Ateneo 5 &#8211; Defensores 0<\/strong><br \/>\n<strong>Uni\u00f3n 0 &#8211; Quilmes\u00a0 2<\/strong><br \/>\n<strong>Trocha\u00a0 2 &#8211; Estudiantes 5<\/strong><br \/>\n<strong>Mercedes 0 &#8211; Villa Manchi 2<\/strong><br \/>\n<strong>El Front\u00f3n 2 &#8211; Palometas 1<\/strong><br \/>\n<strong>Los Carteros 1 &#8211; Juventud 2<\/strong><br \/>\n<strong>Jorge Newbery 6 &#8211; Dep. Gowland 0<\/strong><br \/>\n<strong>V\u00e9lez 0 &#8211; SAPA 2<\/strong><br \/>\n<strong>La Tijera 2 &#8211; El Tim\u00f3n 2<\/strong><\/p>\n<p>&nbsp;<\/p>\n<p><span style=\"color: #ff0000;\"><strong>CATEGOR\u00cdA 2012<\/strong><\/span><br \/>\n<strong>Ateneo 1 &#8211; Defensores 1 <\/strong><br \/>\n<strong>Uni\u00f3n 1 &#8211; Quilmes 3<\/strong><br \/>\n<strong>Trocha 1 &#8211; Estudiantes 3<\/strong><br \/>\n<strong>Mercedes 5 &#8211; Villa Manchi 1<\/strong><br \/>\n<strong>El Front\u00f3n 2 &#8211; Palometas 0<\/strong><br \/>\n<strong>Los Carteros 0 &#8211; Juventud 2<\/strong><br \/>\n<strong>V\u00e9lez 5 &#8211; SAPA 1<\/strong><\/p>\n<p><span style=\"color: #ff0000;\"><strong>CATEGOR\u00cdA 2011<\/strong><\/span><br \/>\n<strong>Ateneo 0 &#8211; Defensores 5<\/strong><br \/>\n<strong>Uni\u00f3n 0 &#8211; Quilmes 1<\/strong><br \/>\n<strong>Trocha 1 &#8211; Estudiantes 1<\/strong><br \/>\n<strong>Mercedes 2 &#8211; Villa Manchi 2<\/strong><br \/>\n<strong>El Front\u00f3n 2 &#8211; Palometas 0<\/strong><br \/>\n<strong>Los Carteros 1 &#8211; Juventud 1<\/strong><br \/>\n<strong>La Tijera 0 &#8211; El Tim\u00f3n 6<\/strong><\/p>\n<p><span style=\"color: #ff0000;\"><strong>CATEGOR\u00cdA 5a<\/strong><\/span><br \/>\n<strong>Ateneo 0 &#8211; Defensores 2<\/strong><br \/>\n<strong>Uni\u00f3n 1 &#8211; Quilmes 2<\/strong><br \/>\n<strong>Trocha 4 &#8211; Estudiantes 7<\/strong><br \/>\n<strong>Mercedes 4 &#8211; Villa Manchi 0 <\/strong><br \/>\n<strong>El Front\u00f3n 5 &#8211; Palometas 1<\/strong><br \/>\n<strong>Los Carteros 0 &#8211; Juventud 2<\/strong><br \/>\n<strong>V\u00e9lez 0 &#8211; SAPA 6<\/strong><br \/>\n<strong>La Tijera 1 &#8211; El Tim\u00f3n 6<\/strong><\/p>\n<p>&nbsp;<\/p>\n<h3 style=\"text-align: center;\"><span style=\"color: #808000;\"><strong>FECHA 2<\/strong><\/span><\/h3>\n<p><strong>CATEGORIA 2016<\/strong><br \/>\n<strong>Estudiantes 0 \u2013 Carteros 0<\/strong><br \/>\n<strong>Quilmes 1 \u2013 Defensores 5<\/strong><br \/>\n<strong>Palometas 1 \u2013 Mercedes 0<\/strong><br \/>\n<strong>Trocha \u2013 Ateneo (Suspendido)<br \/>\nVilla Manchi \u2013 V\u00e9lez (Suspendido)<br \/>\nHolanda \u2013 El Front\u00f3n (Suspendido)<\/strong><\/p>\n<p><strong>CATEGORIA 2015<\/strong><br \/>\n<strong>Estudiantes 2 \u2013 Carteros 1<\/strong><br \/>\n<strong>Quilmes 1 \u2013 Defensores 1<\/strong><br \/>\n<strong>Palometas 1 \u2013 Mercedes 0<\/strong><br \/>\n<strong>Deportivo Gowland 2 \u2013 Talleres 2<\/strong><br \/>\n<strong>Trocha \u2013 Ateneo (Suspendido)<br \/>\nVilla Manchi \u2013 V\u00e9lez (Suspendido)<br \/>\nHolanda \u2013 El Front\u00f3n (Suspendido)<\/strong><\/p>\n<p><strong>CATEGORIA 2014<\/strong><br \/>\n<strong>Estudiantes 1- Carteros 0<\/strong><br \/>\nQuilmes 3 \u2013 Defensores 0<br \/>\n<strong>Palometas 1 \u2013 Mercedes 0<\/strong><br \/>\nTrocha \u2013 Ateneo (Suspendido)<\/p>\n<p><strong>CATEGORIA 2013<\/strong><br \/>\n<strong>Estudiantes 3 \u2013 Carteros 0<\/strong><br \/>\n<strong>Quilmes 6 \u2013 Defensores 0<\/strong><br \/>\n<strong>Palometas 1 \u2013 Mercedes 0<\/strong><br \/>\n<strong>Deportivo Gowland 6- Talleres 0<\/strong><br \/>\n<strong>Juventud 3 \u2013 Jorge Newbery 1<\/strong><br \/>\n<strong>SAPA 6 \u2013 La Tijera 1<\/strong><br \/>\n<strong>El Tim\u00f3n 0 \u2013 Uni\u00f3n 2<\/strong><br \/>\n<strong>Trocha \u2013 Ateneo (Suspendido)<br \/>\nVilla Manchi \u2013 V\u00e9lez (Suspendido)<\/strong><\/p>\n<p><strong>CATEGORIA 2012<\/strong><br \/>\n<strong>Estudiantes 2 \u2013 Carteros 0<\/strong><br \/>\n<strong>Quilmes 1 \u2013 Defensores 2<\/strong><br \/>\n<strong>Palometas 4 \u2013 Mercedes 1<\/strong><br \/>\n<strong>Juventud 2 \u2013 Jorge Newbery 0<\/strong><br \/>\n<strong>El Tim\u00f3n 7- Uni\u00f3n 1<\/strong><br \/>\n<strong>Trocha \u2013 Ateneo (Suspendido)<br \/>\nVilla Manchi \u2013 V\u00e9lez (Suspendido)<br \/>\nHolanda \u2013 El Front\u00f3n (Suspendido)<\/strong><\/p>\n<p><strong>CATEGORIA 2011<\/strong><br \/>\n<strong>Estudiantes 0 \u2013 Carteros 0<\/strong><br \/>\n<strong>Quilmes 2 \u2013 Defensores 0<\/strong><br \/>\n<strong>Palometas 1 \u2013 Mercedes 1<\/strong><br \/>\n<strong>Juventud 3 \u2013 Jorge Newbery 1<\/strong><br \/>\n<strong>SAPA 6 \u2013 La Tijera 0<\/strong><br \/>\n<strong>El Tim\u00f3n 2 \u2013 Uni\u00f3n 0<\/strong><br \/>\n<strong>Trocha \u2013 Ateneo (Suspendido)<br \/>\nVilla Manchi \u2013 V\u00e9lez (Suspendido)<br \/>\nHolanda \u2013 El Front\u00f3n (Suspendido)<\/strong><\/p>\n<p><strong>CATEGORIA 5A<\/strong><br \/>\n<strong>Estudiantes 2 \u2013 Carteros 1<\/strong><br \/>\nQuilmes 1 \u2013 Defensores 2<br \/>\n<strong>Palometas 3 \u2013 Mercedes 5<\/strong><br \/>\n<strong>Juventud 5 \u2013 Jorge Newbery 1<\/strong><br \/>\n<strong>SAPA 6 \u2013 La Tijera 0<\/strong><br \/>\n<strong>El Tim\u00f3n 3 \u2013 Uni\u00f3n 1<\/strong><br \/>\n<strong>Trocha \u2013 Ateneo (Suspendido)<br \/>\nVilla Manchi \u2013 V\u00e9lez (Suspendido)<br \/>\nHolanda \u2013 El Front\u00f3n (Suspendido)<\/strong><\/p>\n<p>&nbsp;<\/p>\n<h3 style=\"text-align: center;\"><span style=\"color: #808000;\"><strong>FECHA 3<\/strong><\/span><\/h3>\n<p><span style=\"color: #ff6600;\"><strong>CATEGOR\u00cdA 2016<\/strong><\/span><br \/>\n<strong>Ateneo 4 \u2013 Quilmes 0<\/strong><br \/>\n<strong>V\u00e9lez 0 \u2013 Palometas 6<\/strong><br \/>\n<strong>Mercedes 6 \u2013 Holanda 0<\/strong><br \/>\n<strong>Talleres 1 \u2013 Juventud 6<\/strong><br \/>\n<strong>Carteros 3 \u2013 Trocha 1<\/strong><\/p>\n<p><span style=\"color: #ff6600;\"><strong>CATEGOR\u00cdA 2015<\/strong><\/span><br \/>\n<strong>Ateneo 6 \u2013 Quilmes 0<\/strong><br \/>\n<strong>La Tijera 0 \u2013 Villa Manchi 5<\/strong><br \/>\n<strong>V\u00e9lez 1 \u2013 Palometas 3<\/strong><br \/>\n<strong>Mercedes 6 \u2013 Holanda 0<\/strong><br \/>\n<strong>El Front\u00f3n 3 \u2013 Deportivo Gowland 0<\/strong><br \/>\n<strong>Talleres 0 \u2013 Juventud 2<\/strong><br \/>\n<strong>Carteros 1 \u2013 Trocha 4<\/strong><\/p>\n<p><span style=\"color: #ff6600;\"><strong>CATEGORIA 2014<\/strong><\/span><br \/>\n<strong>Ateneo 1 \u2013 Quilmes 2<\/strong><br \/>\n<strong>Talleres 0 \u2013 Juventud 4<\/strong><br \/>\n<strong>Carteros 6 \u2013 Trocha 0<\/strong><\/p>\n<p><span style=\"color: #ff6600;\"><strong>CATEGORIA 2013<\/strong><\/span><br \/>\n<strong>Ateneo 0 \u2013 Quilmes 1<\/strong><br \/>\n<strong>Defensores 1 \u2013 El Tim\u00f3n 0<\/strong><br \/>\n<strong>Uni\u00f3n 3 \u2013 SAPA 4<\/strong><br \/>\n<strong>La Tijera 0 \u2013 Villa Manchi 6<\/strong><br \/>\n<strong>V\u00e9lez 1 \u2013 Palometas 1<\/strong><br \/>\n<strong>El Front\u00f3n 6 \u2013 Deportivo Gowland 0<\/strong><br \/>\n<strong>Talleres 0 \u2013 Juventud 2<\/strong><br \/>\n<strong>Jorge Newbery 0 \u2013 Estudiantes 2<\/strong><br \/>\n<strong>Carteros 0 \u2013 Trocha 1<\/strong><\/p>\n<p><span style=\"color: #ff6600;\"><strong>CATEGORIA 2012<\/strong><\/span><br \/>\n<strong>Ateneo 0 \u2013 Quilmes 1<\/strong><br \/>\n<strong>Defensores 0 \u2013 El Tim\u00f3n 2<\/strong><br \/>\n<strong>Uni\u00f3n 1 \u2013 SAPA 4<\/strong><br \/>\n<strong>V\u00e9lez 2 \u2013 Palometas 2<\/strong><br \/>\n<strong>Talleres \u2013 Juventud<\/strong><br \/>\n<strong>Jorge Newbery 1 \u2013 Estudiantes 0<\/strong><br \/>\n<strong>Carteros 2 \u2013 Trocha 0<\/strong><\/p>\n<p><span style=\"color: #ff6600;\"><strong>CATEGORIA 2011<\/strong><\/span><br \/>\n<strong>Ateneo 0 \u2013 Quilmes 6<\/strong><br \/>\n<strong>Defensores 2 \u2013 El Tim\u00f3n 1<\/strong><br \/>\n<strong>Uni\u00f3n 0 \u2013 SAPA 1<\/strong><br \/>\n<strong>La Tijera 0 \u2013 Villa Manchi 6<\/strong><br \/>\n<strong>Jorge Newbery 0 \u2013 Estudiantes 4<\/strong><br \/>\n<strong>Carteros 2 \u2013 Trocha 0\u00a0<\/strong><\/p>\n<p><span style=\"color: #ff6600;\"><strong>CATEGORIA 5A<\/strong><\/span><br \/>\n<strong>Ateneo 2 \u2013 Quilmes 0<\/strong><br \/>\n<strong>Defensores 0 \u2013 El Tim\u00f3n 0<\/strong><br \/>\n<strong>Uni\u00f3n 1 \u2013 SAPA 3<\/strong><br \/>\n<strong>La Tijera 1 \u2013 Villa Manchi 6<\/strong><br \/>\n<strong>V\u00e9lez 0 \u2013 Palometas 6<\/strong><br \/>\n<strong>Jorge Newbery 0 \u2013 Estudiantes 6<\/strong><br \/>\n<strong>Carteros 3 \u2013 Trocha 0<\/strong><\/p>\n<p>&nbsp;<\/p>\n<h3 style=\"text-align: center;\"><span style=\"color: #808000;\"><strong>FECHA 4<\/strong><\/span><\/h3>\n<p><span style=\"color: #ff6600;\"><strong>Categor\u00eda 2016<\/strong><\/span><br \/>\n<strong>Carteros 3 \u2013 Ateneo 1<\/strong><br \/>\n<strong>Estudiantes 4 \u2013 Talleres 1<br \/>\nJuventud \u2013 El Front\u00f3n (Suspendido)<\/strong><br \/>\n<strong>Holanda 4 \u2013 V\u00e9lez 0<\/strong><br \/>\n<strong>Villa Manchi 1 \u2013 Uni\u00f3n 0<\/strong><\/p>\n<p><span style=\"color: #ff6600;\"><strong>Categor\u00eda 2015<\/strong><\/span><br \/>\n<strong>Carteros 0 \u2013 Ateneo 0<\/strong><br \/>\n<strong>Estudiantes 3 \u2013 Talleres 0<\/strong><br \/>\n<strong>Juventud \u2013 El Front\u00f3n (Suspendido)<\/strong><br \/>\n<strong>Dep. Gowland 1 \u2013 Mercedes 7<\/strong><br \/>\n<strong>Holanda 0 \u2013 V\u00e9lez 1<\/strong><br \/>\n<strong>Villa Manchi 1 \u2013 Uni\u00f3n 3<\/strong><br \/>\n<strong>Palometas 6 \u2013 La Tijera 0<\/strong><\/p>\n<p><strong><span style=\"color: #ff6600;\">Categor\u00eda 2014<\/span><\/strong><br \/>\n<strong>Carteros 1 \u2013 Ateneo 0<\/strong><br \/>\n<strong>Estudiantes 6 \u2013 Talleres 0<\/strong><br \/>\n<strong>Juventud \u2013 El Front\u00f3n (Suspendido)<\/strong><br \/>\n<strong>Villa Manchi 0 \u2013 Uni\u00f3n 1<\/strong><\/p>\n<p><span style=\"color: #ff6600;\"><strong>Categor\u00eda 2013<\/strong><\/span><br \/>\n<strong>Carteros 0 \u2013 Ateneo 1<\/strong><br \/>\n<strong>Estudiantes 5 \u2013 Talleres 0<br \/>\nJuventud \u2013 El Front\u00f3n (Suspendido)<\/strong><br \/>\n<strong>Dep. Gowland \u2013 Mercedes (Suspendido)<\/strong><br \/>\n<strong>Villa Manchi 4 \u2013 Uni\u00f3n 1<\/strong><br \/>\n<strong>El Tim\u00f3n 0 \u2013 Quilmes 6<\/strong><br \/>\n<strong>Palometas 5 \u2013 La Tijera 0<\/strong><br \/>\n<strong>Trocha \u2013 Jorge Newbery (Suspendido)<br \/>\nSAPA \u2013 Defensores (Suspendido) <\/strong><\/p>\n<p><span style=\"color: #ff6600;\"><strong>Categor\u00eda 2012<\/strong><\/span><br \/>\n<strong>Carteros 1 \u2013 Ateneo 1<\/strong><br \/>\n<strong>Villa Manchi 5 \u2013 Uni\u00f3n 0 <\/strong><br \/>\n<strong>El Tim\u00f3n 1 \u2013 Quilmes 2<\/strong><br \/>\n<strong>Trocha \u2013 Jorge Newbery (Suspendido)<br \/>\nSAPA \u2013 Defensores (Suspendido) <\/strong><br \/>\n<strong>Juventud \u2013 El Front\u00f3n (Suspendido)<\/strong><\/p>\n<p><span style=\"color: #ff6600;\"><strong>Categor\u00eda 2011<\/strong><\/span><br \/>\n<strong>Carteros 2 \u2013 Ateneo 0<\/strong><br \/>\n<strong>Villa Manchi 4 \u2013 Uni\u00f3n 0<\/strong><br \/>\n<strong>El Tim\u00f3n 1 \u2013 Quilmes 1<\/strong><br \/>\n<strong>Palometas 6 \u2013 La Tijera 0<\/strong><br \/>\n<strong>Trocha \u2013 Jorge Newbery (Suspendido)<br \/>\nSAPA \u2013 Defensores (Suspendido) <\/strong><br \/>\n<strong>Juventud \u2013 El Front\u00f3n (Suspendido)<\/strong><\/p>\n<p><span style=\"color: #ff6600;\"><strong>Categor\u00eda 5a<\/strong><\/span><br \/>\n<strong>Carteros 0 \u2013 Ateneo 0<\/strong><br \/>\nDep. Gowland \u2013 Mercedes<br \/>\n<strong>Villa Manchi 2 \u2013 Uni\u00f3n 0<\/strong><br \/>\n<strong>El Tim\u00f3n 1 \u2013 Quilmes 0<\/strong><br \/>\n<strong>Palometas 4 \u2013 La Tijera 0<\/strong><br \/>\n<strong>Trocha \u2013 Jorge Newbery (Suspendido)<br \/>\nSAPA \u2013 Defensores (Suspendido) <\/strong><br \/>\n<strong>Juventud \u2013 El Front\u00f3n (Suspendido)<\/strong><\/p>\n<p>&nbsp;<\/p>\n<p>&nbsp;<\/p>\n<h3 style=\"text-align: center;\"><span style=\"color: #808000;\"><strong>FECHA 5<\/strong><\/span><\/h3>\n<p><strong>Categor\u00eda 2016<\/strong><br \/>\nUni\u00f3n 0 \u2013 Palometas 0<br \/>\nMercedes 3 \u2013 Juventud 0<br \/>\nEl Front\u00f3n 2 \u2013 Estudiantes 1<br \/>\nTalleres 1 \u2013 Trocha 7<br \/>\nDefensores 0 \u2013 Villa Manchi 2<\/p>\n<p><strong>Categor\u00eda 2015<\/strong><br \/>\nUni\u00f3n 1 \u2013 Palometas 0<br \/>\nLa Tijera 0 \u2013 Holanda 6<br \/>\nV\u00e9lez 2 \u2013 Dep. Gowland 3<br \/>\nMercedes 4 \u2013 Juventud 0<br \/>\nEl Front\u00f3n 1 \u2013 Estudiantes 2<br \/>\nTalleres 1 \u2013 Trocha 3<br \/>\nDefensores 0 \u2013 Villa Manchi 5<\/p>\n<p><strong>Categor\u00eda 2014<\/strong><br \/>\nUni\u00f3n 0 \u2013 Palometas 0<br \/>\nMercedes 0 \u2013 Juventud 0<br \/>\nEl Front\u00f3n 0 \u2013 Estudiantes 0<br \/>\nTalleres 1 \u2013 Trocha 1<br \/>\nDefensores 1 \u2013 Villa Manchi 1<\/p>\n<p><strong>Categor\u00eda 2013<\/strong><br \/>\nAteneo 0 \u2013 El Tim\u00f3n 2<br \/>\nQuilmes 4 \u2013 SAPA 1<br \/>\nUni\u00f3n 1 \u2013 Palometas 4<br \/>\nV\u00e9lez 6 \u2013 Dep. Gowland 1<br \/>\nMercedes 0 \u2013 Juventud 4<br \/>\nEl Front\u00f3n 1 \u2013 Estudiantes 0<br \/>\nJorge Newbery 3 \u2013 Carteros 0<br \/>\nTalleres 1 \u2013 Trocha 3<br \/>\nDefensores 0 \u2013 Villa Manchi 6<\/p>\n<p><strong>Categor\u00eda 2012<\/strong><br \/>\nAteneo 2 \u2013 El Tim\u00f3n 3<br \/>\nQuilmes 2 \u2013 SAPA 0<br \/>\nUni\u00f3n 0 \u2013 Palometas 5<br \/>\nMercedes 1 \u2013 Juventud 2<br \/>\nEl Front\u00f3n 4 \u2013 Estudiantes 2<br \/>\nJorge Newbery 1 \u2013 Carteros 3<br \/>\nDefensores 2 \u2013 Villa Manchi 0<\/p>\n<p><strong>Categor\u00eda 2011<\/strong><br \/>\nAteneo 0 \u2013 El Tim\u00f3n 2<br \/>\nQuilmes 3 \u2013 SAPA 0<br \/>\nUni\u00f3n 0 \u2013 Palometas 1<br \/>\nMercedes 6 \u2013 Juventud 0<br \/>\nEl Front\u00f3n 0 \u2013 Estudiantes 3<br \/>\nJorge Newbery 5 \u2013 Carteros 0<br \/>\nDefensores 2 \u2013 Villa Manchi 3<\/p>\n<p><strong>Categor\u00eda 5\u00aa<\/strong><br \/>\nAteneo 0 \u2013 El Tim\u00f3n 2<br \/>\nQuilmes 2 \u2013 SAPA 1<br \/>\nUni\u00f3n 1 \u2013 Palometas 1<br \/>\nMercedes 2 \u2013 Juventud 1<br \/>\nEl Front\u00f3n 3 \u2013 Estudiantes 0<br \/>\nJorge Newbery 1 \u2013 Carteros 3<br \/>\nDefensores 1 \u2013 Villa Manchi 1<\/p>\n","protected":false},"excerpt":{"rendered":"<p>FECHA 1 CATEGOR\u00cdA 2016 Ateneo 5 &#8211; Defensores 0 Uni\u00f3n 0 &#8211; Quilmes 1 Trocha 1 &#8211; Estudiantes 4 Mercedes 3- Villa Manchi 2 El Front\u00f3n 1 &#8211; Palometas 1 Talleres 2 &#8211; Holanda 3 Los Carteros 2 &#8211; Juventud 0 CATEGOR\u00cdA 2015 Ateneo 1 &#8211; Defensores 1 Uni\u00f3n 6 &#8211; Quilmes 0 Trocha 3 &#8211; Estudiantes 1 Mercedes 0<\/p>\n","protected":false},"author":2,"featured_media":0,"parent":33086,"menu_order":0,"comment_status":"closed","ping_status":"closed","template":"","meta":{"footnotes":""},"class_list":["post-36587","page","type-page","status-publish","hentry"],"_links":{"self":[{"href":"https:\/\/ligamercedina.com\/web\/wp-json\/wp\/v2\/pages\/36587","targetHints":{"allow":["GET"]}}],"collection":[{"href":"https:\/\/ligamercedina.com\/web\/wp-json\/wp\/v2\/pages"}],"about":[{"href":"https:\/\/ligamercedina.com\/web\/wp-json\/wp\/v2\/types\/page"}],"author":[{"embeddable":true,"href":"https:\/\/ligamercedina.com\/web\/wp-json\/wp\/v2\/users\/2"}],"replies":[{"embeddable":true,"href":"https:\/\/ligamercedina.com\/web\/wp-json\/wp\/v2\/comments?post=36587"}],"version-history":[{"count":12,"href":"https:\/\/ligamercedina.com\/web\/wp-json\/wp\/v2\/pages\/36587\/revisions"}],"predecessor-version":[{"id":49882,"href":"https:\/\/ligamercedina.com\/web\/wp-json\/wp\/v2\/pages\/36587\/revisions\/49882"}],"up":[{"embeddable":true,"href":"https:\/\/ligamercedina.com\/web\/wp-json\/wp\/v2\/pages\/33086"}],"wp:attachment":[{"href":"https:\/\/ligamercedina.com\/web\/wp-json\/wp\/v2\/media?parent=36587"}],"curies":[{"name":"wp","href":"https:\/\/api.w.org\/{rel}","templated":true}]}}