{"id":20,"date":"2007-03-23T15:28:12","date_gmt":"2007-03-23T18:28:12","guid":{"rendered":"https:\/\/ligamercedina.com\/?page_id=20"},"modified":"2024-05-09T22:43:24","modified_gmt":"2024-05-10T01:43:24","slug":"fotos","status":"publish","type":"page","link":"https:\/\/ligamercedina.com\/web\/historia\/fotos\/","title":{"rendered":"FOTOS"},"content":{"rendered":"<blockquote><p><strong>FOTOS A\u00d1O 2008 &#8211; GENTILEZA ESTEBAN MARCELO &#8211; FOTOS A\u00d1O 2008 &#8211; GENTILEZA ESTEBAN MARCELO &#8211;<\/strong><\/p><\/blockquote>\n<p>PRIMERA DIVISION<br \/>\n<img decoding=\"async\" src=\"https:\/\/ligamercedina.com\/wp-content\/SANJOSEPRIMERA.jpg\" alt=\"\" \/><br \/>\nPRIMERA DIVISION CLUB SAN JOSE<\/p>\n<p><img decoding=\"async\" src=\"https:\/\/ligamercedina.com\/wp-content\/CRUZADOSFCPRIMERA.jpg\" alt=\"\" \/><br \/>\nPRIMERA DIVISION DE CRUZADOS FUTBOL CLUB<\/p>\n<p><img decoding=\"async\" src=\"https:\/\/ligamercedina.com\/wp-content\/ATENEO9291.jpg\" alt=\"\" \/><br \/>\nCATEGOR\u00cdA 92-91 DE ATENEO<\/p>\n<p><img decoding=\"async\" src=\"https:\/\/ligamercedina.com\/wp-content\/ATENEO96.jpg\" alt=\"\" \/><br \/>\nCATEGOR\u00cdA 96 DE ATENEO<\/p>\n<p><img decoding=\"async\" src=\"https:\/\/ligamercedina.com\/wp-content\/COMUNICACIONES00.jpg\" alt=\"\" \/><br \/>\nCATEGOR\u00cdA 2000 DE COMUNICACIONES<\/p>\n<p><img decoding=\"async\" src=\"https:\/\/ligamercedina.com\/wp-content\/COMUNICACIONES9291.jpg\" alt=\"\" \/><br \/>\nCATEGOR\u00cdA 92-91 DE COMUNICACIONES<\/p>\n<p><img decoding=\"async\" src=\"https:\/\/ligamercedina.com\/wp-content\/COMUNICACIONES96.jpg\" alt=\"\" \/><br \/>\nCATEGORIA 96 DE COMUNICACIONES<\/p>\n<p><img decoding=\"async\" src=\"https:\/\/ligamercedina.com\/wp-content\/COMUNICACIONES97.jpg\" alt=\"\" \/><br \/>\nCATEGORIA 97 DE COMUNICACIONES<\/p>\n<p><img decoding=\"async\" src=\"https:\/\/ligamercedina.com\/wp-content\/JUVENTUD9291.jpg\" alt=\"\" \/><br \/>\nCATEGORIA 92-91 DE JUVENTUD<\/p>\n<p><img decoding=\"async\" src=\"https:\/\/ligamercedina.com\/wp-content\/MERCEDES96_01.jpg\" alt=\"\" \/><br \/>\nCATEGOR\u00cdA 96 DE CLUB MERCEDES<\/p>\n<p><img decoding=\"async\" src=\"https:\/\/ligamercedina.com\/wp-content\/VELEZ95_01.jpg\" alt=\"\" \/><br \/>\nCATEGOR\u00cdA 95 DE VELEZ SARSFIELD<\/p>\n<blockquote><p><strong>FOTOS A\u00d1O 2007 &#8211; FOTOS A\u00d1O 2007 &#8211; FOTOS A\u00d1O 2007 &#8211; FOTOS A\u00d1O 2007 &#8211; <\/strong><\/p><\/blockquote>\n<p><strong>IMAGENES (GENTILEZA SEMANARIO PROTAGONISTAS)<\/strong><\/p>\n<p><img decoding=\"async\" src=\"https:\/\/ligamercedina.com\/wp-content\/DSCN0024.jpg\" alt=\"\" \/><br \/>\n<strong>Alineaci\u00f3n de San Marcos que gan\u00f3 el Apertura. (FOTO GENTILEZA SEMANARIO PROTAGONISTAS<\/strong><\/p>\n<p><img decoding=\"async\" src=\"https:\/\/ligamercedina.com\/wp-content\/Dscn0041.jpg\" alt=\"\" \/><br \/>\n<strong>Los jugadores de San Marcos festejan ante sus hinchas la optenci\u00f3n del Apertura en Primera Divisi\u00f3n. (FOTO GENTILEZA SEMANARIO PROTAGONISTAS DE MERCEDES)<\/strong><\/p>\n<p><img decoding=\"async\" src=\"https:\/\/ligamercedina.com\/wp-content\/DSCN0028_01.jpg\" alt=\"\" \/><br \/>\n<strong>Debajo de todos est\u00e1 Leandro Riethz autor del 1 a 0 parcial del santo de Marcos Paz en la final ante Estudiantes. (FOTO GENTILEZA SEMANARIO PROTAGONISTAS DE MERCEDES)<\/strong><\/p>\n<p><img decoding=\"async\" src=\"https:\/\/ligamercedina.com\/wp-content\/DSCN0023.jpg\" alt=\"\" \/><br \/>\n<strong>El primer equipo de Estudiantes pos\u00f3 ante de la final junto a los jugadores de la Categor\u00eda 99 de la instituci\u00f3n. (FOTO GENTILEZA SEMANARIO PROTAGONISTAS)<\/strong><\/p>\n<p><em><strong>CATEGORIA 91<\/strong><\/em><\/p>\n<p><img decoding=\"async\" src=\"https:\/\/ligamercedina.com\/wp-content\/Ateneo9091.jpg\" alt=\"\" \/><br \/>\n<strong>Ateneo de la Juventud<\/strong><\/p>\n<p><img decoding=\"async\" src=\"https:\/\/ligamercedina.com\/wp-content\/Mercedes91.jpg\" alt=\"\" \/><br \/>\n<strong>Club Mercedes<\/strong><\/p>\n<p><img decoding=\"async\" src=\"https:\/\/ligamercedina.com\/wp-content\/Estudiantes9190.jpg\" alt=\"\" \/><br \/>\n<strong>Estudiantes<\/strong><\/p>\n<p><img decoding=\"async\" src=\"https:\/\/ligamercedina.com\/wp-content\/Velez9190.jpg\" alt=\"\" \/><br \/>\n<strong>V\u00e9lez Sarsfield<\/strong><\/p>\n<p><strong>CATEGORIA 92<\/strong><\/p>\n<p><img decoding=\"async\" src=\"https:\/\/ligamercedina.com\/wp-content\/Mercedes92.jpg\" alt=\"\" \/><br \/>\n<strong>Mercedes<\/strong><\/p>\n<p><img decoding=\"async\" src=\"https:\/\/ligamercedina.com\/wp-content\/Ateneo92.jpg\" alt=\"\" \/><br \/>\n<strong>Ateneo de la Juventud<\/strong><\/p>\n<p><img decoding=\"async\" src=\"https:\/\/ligamercedina.com\/wp-content\/Dscn0096.jpg\" alt=\"\" \/><br \/>\n<strong>V\u00e9lez.<\/strong><\/p>\n<p><img decoding=\"async\" src=\"https:\/\/ligamercedina.com\/wp-content\/Estudiantes92.jpg\" alt=\"\" \/><br \/>\n<strong>Estudiantes<\/strong><\/p>\n<p><em><strong>CATEGORIA 93<\/strong><\/em><\/p>\n<p><img decoding=\"async\" src=\"https:\/\/ligamercedina.com\/wp-content\/Ateneo93.jpg\" alt=\"\" \/><br \/>\n<strong>Ateneo de la Juventud<\/strong><\/p>\n<p><img decoding=\"async\" src=\"https:\/\/ligamercedina.com\/wp-content\/VELEZ93.jpg\" alt=\"\" \/><br \/>\n<strong>V\u00e9lez Sarsfield<\/strong><\/p>\n<p><img decoding=\"async\" src=\"https:\/\/ligamercedina.com\/wp-content\/Mercedes93.jpg\" alt=\"\" \/><br \/>\n<strong>Mercedes<\/strong><\/p>\n<p><img decoding=\"async\" src=\"https:\/\/ligamercedina.com\/wp-content\/Comunicaciones93.jpg\" alt=\"\" \/><br \/>\n<strong>Comunicaciones<\/strong><\/p>\n<p><img decoding=\"async\" src=\"https:\/\/ligamercedina.com\/wp-content\/Estudiantes93.jpg\" alt=\"\" \/><br \/>\n<strong>Estudiantes<\/strong><\/p>\n<p><img decoding=\"async\" src=\"https:\/\/ligamercedina.com\/wp-content\/MercedesA93.jpg\" alt=\"\" \/><br \/>\n<strong>Mercedes \u00abA\u00bb<\/strong><\/p>\n<p><em><strong>CATEGORIA 94<\/strong><\/em><\/p>\n<p><img decoding=\"async\" src=\"https:\/\/ligamercedina.com\/wp-content\/Estudiantes94.jpg\" alt=\"\" \/><br \/>\n<strong>Estudiantes<\/strong><\/p>\n<p><img decoding=\"async\" src=\"https:\/\/ligamercedina.com\/wp-content\/Comunicaciones94.jpg\" alt=\"\" \/><br \/>\n<strong>Comunicaciones <\/strong><\/p>\n<p><img decoding=\"async\" src=\"https:\/\/ligamercedina.com\/wp-content\/MercedesA94.jpg\" alt=\"\" \/><br \/>\n<strong>Mercedes \u00abA\u00bb<\/strong><\/p>\n<p><img decoding=\"async\" src=\"https:\/\/ligamercedina.com\/wp-content\/Velez94.jpg\" alt=\"\" \/><br \/>\n<strong>V\u00e9lez<\/strong><\/p>\n<p><img decoding=\"async\" src=\"https:\/\/ligamercedina.com\/wp-content\/Mercedes94.jpg\" alt=\"\" \/><br \/>\n<strong>Mercedes<\/strong><\/p>\n<p><em><strong>CATEGORIA 95<\/strong><\/em><\/p>\n<p><img decoding=\"async\" src=\"https:\/\/ligamercedina.com\/wp-content\/Comunicaciones95.jpg\" alt=\"\" \/><br \/>\n<strong>Comunicaciones<\/strong><\/p>\n<p><img decoding=\"async\" src=\"https:\/\/ligamercedina.com\/wp-content\/Ateneo95.jpg\" alt=\"\" \/><br \/>\n<strong>Ateneo de la Juventud<\/strong><\/p>\n<p><img decoding=\"async\" src=\"https:\/\/ligamercedina.com\/wp-content\/Estudiantes95.jpg\" alt=\"\" \/><br \/>\n<strong>Estudiantes<\/strong><\/p>\n<p><em><strong>CATEGORIA 96<\/strong><\/em><\/p>\n<p><img decoding=\"async\" src=\"https:\/\/ligamercedina.com\/wp-content\/Comciones96.jpg\" alt=\"\" \/><br \/>\n<strong>Comunicaciones<\/strong><\/p>\n<p><img decoding=\"async\" src=\"https:\/\/ligamercedina.com\/wp-content\/Estudiantes96.jpg\" alt=\"\" \/><br \/>\n<strong>Estudiantes<\/strong><\/p>\n<p><img decoding=\"async\" src=\"https:\/\/ligamercedina.com\/wp-content\/Velez96.jpg\" alt=\"\" \/><br \/>\n<strong>V\u00e9lez Sarsfield<\/strong><\/p>\n<p><img decoding=\"async\" src=\"https:\/\/ligamercedina.com\/wp-content\/Unin96.jpg\" alt=\"\" \/><br \/>\n<strong>Uni\u00f3n<\/strong><\/p>\n<p><img decoding=\"async\" src=\"https:\/\/ligamercedina.com\/wp-content\/MercedesA96.jpg\" alt=\"\" \/><br \/>\n<strong>Mercedes \u00abA\u00bb<\/strong><\/p>\n<p><em><strong>CATEGORIA 97<\/strong><\/em><\/p>\n<p><img decoding=\"async\" src=\"https:\/\/ligamercedina.com\/wp-content\/Estudiantes9711.jpg\" alt=\"\" \/><br \/>\n<strong>Estudiantes 97<\/strong><\/p>\n<p><img decoding=\"async\" src=\"https:\/\/ligamercedina.com\/wp-content\/Comunicaciones97.jpg\" alt=\"\" \/><br \/>\n<strong>Comunicaciones<\/strong><\/p>\n<p><img decoding=\"async\" src=\"https:\/\/ligamercedina.com\/wp-content\/Velez97.jpg\" alt=\"\" \/><br \/>\n<strong>V\u00e9lez Sarsfield<\/strong><\/p>\n<p><img decoding=\"async\" src=\"https:\/\/ligamercedina.com\/wp-content\/Union97.jpg\" alt=\"\" \/><br \/>\n<strong>Uni\u00f3n<\/strong><\/p>\n<p><img decoding=\"async\" src=\"https:\/\/ligamercedina.com\/wp-content\/Dscn0886.jpg\" alt=\"\" \/><br \/>\n<strong>Juventud de Suipacha<\/strong><\/p>\n<p><img decoding=\"async\" src=\"https:\/\/ligamercedina.com\/wp-content\/MercedesA97.jpg\" alt=\"\" \/><br \/>\n<strong>Mercedes \u00abA\u00bb 97<\/strong><\/p>\n<p><em><strong>CATEGORIA 98<\/strong><\/em><\/p>\n<p><img decoding=\"async\" src=\"https:\/\/ligamercedina.com\/wp-content\/Quilmes98.jpg\" alt=\"\" \/><br \/>\n<strong>Quilmes<\/strong><\/p>\n<p><img decoding=\"async\" src=\"https:\/\/ligamercedina.com\/wp-content\/Velez98.jpg\" alt=\"\" \/><br \/>\n<strong>V\u00e9lez Sarsfield <\/strong><\/p>\n<p><img decoding=\"async\" src=\"https:\/\/ligamercedina.com\/wp-content\/Juventud98.jpg\" alt=\"\" \/><br \/>\n<strong>Juventud de Suipacha<\/strong><\/p>\n<p><img decoding=\"async\" src=\"https:\/\/ligamercedina.com\/wp-content\/Ateneo98.jpg\" alt=\"\" \/><br \/>\n<strong>Ateneo de la Juventud<\/strong><\/p>\n<p><img decoding=\"async\" src=\"https:\/\/ligamercedina.com\/wp-content\/Mercedes98.jpg\" alt=\"\" \/><br \/>\n<strong>Mercedes<\/strong><\/p>\n<p><img decoding=\"async\" src=\"https:\/\/ligamercedina.com\/wp-content\/union9844.jpg\" alt=\"\" \/><br \/>\n<strong>Uni\u00f3n<\/strong><\/p>\n<p><img decoding=\"async\" src=\"https:\/\/ligamercedina.com\/wp-content\/MercedesA98.jpg\" alt=\"\" \/><br \/>\n<strong>Mercedes \u00abA\u00bb<\/strong><\/p>\n<p><img decoding=\"async\" src=\"https:\/\/ligamercedina.com\/wp-content\/Estudiantes98.jpg\" alt=\"estudiantes98\" \/><br \/>\n<strong>Estudiantes <\/strong><\/p>\n<p><em><strong>CATEGORIA 99<\/strong><\/em><\/p>\n<p><img decoding=\"async\" src=\"https:\/\/ligamercedina.com\/wp-content\/Comunicaciones99.jpg\" alt=\"\" \/><br \/>\n<strong>Comunicaciones<\/strong><\/p>\n<p><img decoding=\"async\" src=\"https:\/\/ligamercedina.com\/wp-content\/UNION99.jpg\" alt=\"\" \/><br \/>\n<strong>Uni\u00f3n<\/strong><\/p>\n<p><img decoding=\"async\" src=\"https:\/\/ligamercedina.com\/wp-content\/Mercedes99.jpg\" alt=\"\" \/><br \/>\n<strong>Mercedes<\/strong><\/p>\n<p><img decoding=\"async\" src=\"https:\/\/ligamercedina.com\/wp-content\/Ateneo99.jpg\" alt=\"\" \/><br \/>\n<strong>Ateneo de la Juventud<\/strong><\/p>\n<p><img decoding=\"async\" src=\"https:\/\/ligamercedina.com\/wp-content\/MercedesA99.jpg\" alt=\"\" \/><br \/>\n<strong>Mercedes \u00abA\u00bb<\/strong><\/p>\n<p><em><strong>TERCERA DIVISION<\/strong><\/em><\/p>\n<p><img decoding=\"async\" src=\"https:\/\/ligamercedina.com\/wp-content\/JUVENTUDTERCERA.jpg\" alt=\"\" \/><br \/>\n<strong>Juventud de Suipacha<\/strong><\/p>\n<p><img decoding=\"async\" src=\"https:\/\/ligamercedina.com\/wp-content\/MercedesTercera.jpg\" alt=\"\" \/><br \/>\nClub Mercedes<\/p>\n<p><img decoding=\"async\" src=\"https:\/\/ligamercedina.com\/wp-content\/PALOMETASTERCERA.jpg\" alt=\"\" \/><br \/>\n<strong>Palometas<\/strong><\/p>\n<p><em><strong>PRIMERA DIVISION<\/strong><\/em><\/p>\n<p><img decoding=\"async\" src=\"https:\/\/ligamercedina.com\/wp-content\/UninMcosPazPrimera.jpg\" alt=\"unionmpaz\" \/><br \/>\n<strong>Uni\u00f3n de Marcos Paz<\/strong><\/p>\n<p><img decoding=\"async\" src=\"https:\/\/ligamercedina.com\/wp-content\/Dscn0911.jpg\" alt=\"\" \/><br \/>\nSan Marcos F\u00fatbol Club (Marcos Paz)<\/p>\n<p><img decoding=\"async\" src=\"https:\/\/ligamercedina.com\/wp-content\/MercedesPrimera.jpg\" alt=\"\" \/><br \/>\n<strong>Club Mercedes<\/strong><\/p>\n<p><img decoding=\"async\" src=\"https:\/\/ligamercedina.com\/wp-content\/QUILMESPRIMERA.jpg\" alt=\"\" \/><br \/>\n<strong>Quilmes<\/strong><\/p>\n<p><img decoding=\"async\" src=\"https:\/\/ligamercedina.com\/wp-content\/PabellnPrimera.jpg\" alt=\"\" \/><br \/>\n<strong>Pabell\u00f3n Argentino de Marcos Paz<\/strong><\/p>\n<p><img decoding=\"async\" src=\"https:\/\/ligamercedina.com\/wp-content\/PALOMETASPRIMERA_01.jpg\" alt=\"\" \/><br \/>\n<strong>Palometas<\/strong><\/p>\n<p><img decoding=\"async\" src=\"https:\/\/ligamercedina.com\/wp-content\/AteneoPrimera.jpg\" alt=\"\" \/><br \/>\n<strong>Ateneo de la Juventud<\/strong><\/p>\n<p><img decoding=\"async\" src=\"https:\/\/ligamercedina.com\/wp-content\/VelezPrimera.jpg\" alt=\"\" \/><br \/>\n<strong>V\u00e9lez Sarsfield<\/strong><\/p>\n<p><img decoding=\"async\" src=\"https:\/\/ligamercedina.com\/wp-content\/ESTUDIANTESPRIMERA.jpg\" alt=\"\" \/><br \/>\n<strong>Estudiantes<\/strong><\/p>\n<p><img decoding=\"async\" src=\"https:\/\/ligamercedina.com\/wp-content\/JUVENTUDPRIMERA.jpg\" alt=\"\" \/><br \/>\n<strong>Juventud de Suipacha<\/strong><\/p>\n<p><img decoding=\"async\" src=\"https:\/\/ligamercedina.com\/wp-content\/SanJosePrimera.jpg\" alt=\"\" \/><br \/>\n<strong>San Jos\u00e9<\/strong><\/p>\n","protected":false},"excerpt":{"rendered":"<p>FOTOS A\u00d1O 2008 &#8211; GENTILEZA ESTEBAN MARCELO &#8211; FOTOS A\u00d1O 2008 &#8211; GENTILEZA ESTEBAN MARCELO &#8211; PRIMERA DIVISION PRIMERA DIVISION CLUB SAN JOSE PRIMERA DIVISION DE CRUZADOS FUTBOL CLUB CATEGOR\u00cdA 92-91 DE ATENEO CATEGOR\u00cdA 96 DE ATENEO CATEGOR\u00cdA 2000 DE COMUNICACIONES CATEGOR\u00cdA 92-91 DE COMUNICACIONES CATEGORIA 96 DE COMUNICACIONES CATEGORIA 97 DE COMUNICACIONES CATEGORIA 92-91 DE JUVENTUD CATEGOR\u00cdA 96 DE<\/p>\n","protected":false},"author":1,"featured_media":0,"parent":5,"menu_order":0,"comment_status":"closed","ping_status":"closed","template":"","meta":{"footnotes":""},"class_list":["post-20","page","type-page","status-publish","hentry"],"_links":{"self":[{"href":"https:\/\/ligamercedina.com\/web\/wp-json\/wp\/v2\/pages\/20","targetHints":{"allow":["GET"]}}],"collection":[{"href":"https:\/\/ligamercedina.com\/web\/wp-json\/wp\/v2\/pages"}],"about":[{"href":"https:\/\/ligamercedina.com\/web\/wp-json\/wp\/v2\/types\/page"}],"author":[{"embeddable":true,"href":"https:\/\/ligamercedina.com\/web\/wp-json\/wp\/v2\/users\/1"}],"replies":[{"embeddable":true,"href":"https:\/\/ligamercedina.com\/web\/wp-json\/wp\/v2\/comments?post=20"}],"version-history":[{"count":1,"href":"https:\/\/ligamercedina.com\/web\/wp-json\/wp\/v2\/pages\/20\/revisions"}],"predecessor-version":[{"id":33084,"href":"https:\/\/ligamercedina.com\/web\/wp-json\/wp\/v2\/pages\/20\/revisions\/33084"}],"up":[{"embeddable":true,"href":"https:\/\/ligamercedina.com\/web\/wp-json\/wp\/v2\/pages\/5"}],"wp:attachment":[{"href":"https:\/\/ligamercedina.com\/web\/wp-json\/wp\/v2\/media?parent=20"}],"curies":[{"name":"wp","href":"https:\/\/api.w.org\/{rel}","templated":true}]}}